{"id":7430,"date":"2025-09-24T07:56:53","date_gmt":"2025-09-24T07:56:53","guid":{"rendered":"https:\/\/lietaussistema.lt\/?post_type=product&#038;p=7430"},"modified":"2025-09-24T08:02:17","modified_gmt":"2025-09-24T08:02:17","slug":"plokscias-latako-laikiklis-l210-flamingo-iq-budmat-125-90","status":"publish","type":"product","link":"https:\/\/lietaussistema.lt\/en\/plokscias-latako-laikiklis-l210-flamingo-iq-budmat-125-90\/","title":{"rendered":"Plok\u0161\u010dias latako laikiklis L-210 mm Flamingo iQ BUDMAT 125\/90"},"content":{"rendered":"<p>Latako laikiklis Flamingo iQ yra konstrukcinis elementas, atliekantis latako laikiklio funkcij\u0105.<\/p>\n<p><strong>Ne\u017einai kaip i\u0161sirinkti? Para\u0161yk mums el. p. mbskardulyderis@gmail.com ir pad\u0117sime sukomplektuoti lietaus nuvedimo sistem\u0105 pagal J\u016bs\u0173 stog\u0105.<\/strong><\/p>\n<p><strong>Efektyvus ir patikimas latakas<\/strong><br \/>\nOptimizuotas kvadratinis skerspj\u016bvis ir dvigubi grioveliai neleid\u017eia vandeniui i\u0161silieti. \u0160veln\u016bs latako lenkimo spinduliai u\u017etikrina lygi\u0105, stand\u017ei\u0105 linij\u0105 be deformacij\u0173.<\/p>\n<p><strong>Esteti\u0161kas dizainas<\/strong><br \/>\nPasl\u0117pti laikikliai vizualiai primena sl\u0117ptas sistemas ir dera su visais Budmat stogais bei apdailos elementais.<\/p>\n<p><strong>Didelis pralaidumas<\/strong><br \/>\nFlamingo iQ surenka daugiau vandens nei kiti \u0161ios grup\u0117s latakai, puikiai veikia net ant didesni\u0173 \u0161lait\u0173 ir gausaus lietaus. Latako t\u016bris ir pralaidumas padidintas d\u0117l lygios formos, o ne\u0161varumai nus\u0117da ma\u017eiau. Vienam nuvedimui gali apr\u0117pti iki 180 m\u00b2 stogo.<\/p>\n<p><strong>Inovatyv\u016bs laikikliai<\/strong><br \/>\nLatako atrama perkelta \u012f vid\u0173, tod\u0117l i\u0161or\u0117je matomas tik vientisas latakas. Apatinis tarpelis pagerina oro cirkuliacij\u0105 ir stogo ventiliacij\u0105.<\/p>\n<p><strong>Patogus montavimas<\/strong><br \/>\nSukurta bendradarbiaujant su \u201eProTeam Budmat\u201c stogdengiais. Montuojama baigiamajame stogo dengimo etape, simetri\u0161kas skerspj\u016bvis leid\u017eia montuoti i\u0161 abiej\u0173 pusi\u0173 be sukimo.<\/p>\n<p><strong>50 met\u0173 garantija<\/strong><br \/>\nPagaminta i\u0161 auk\u0161tos kokyb\u0117s Skandinavijos plieno (SSAB), u\u017etikrina ilgaam\u017ei\u0161kum\u0105 ir patikimum\u0105.<\/p>","protected":false},"excerpt":{"rendered":"<p>Latako laikiklis Flamingo iQ yra konstrukcinis elementas, atliekantis latako laikiklio funkcij\u0105.<\/p>","protected":false},"featured_media":7433,"comment_status":"open","ping_status":"closed","template":"","meta":{"_monsterinsights_skip_tracking":false,"_monsterinsights_sitenote_active":false,"_monsterinsights_sitenote_note":"","_monsterinsights_sitenote_category":0},"product_brand":[],"product_cat":[75,119],"product_tag":[111],"class_list":{"0":"post-7430","1":"product","2":"type-product","3":"status-publish","4":"has-post-thumbnail","6":"product_cat-lietaus-nuvedimo-sistema","7":"product_cat-flamingo-iq-budmat","8":"product_tag-latakai-lietvamzdziai","10":"first","11":"instock","12":"shipping-taxable","13":"product-type-variable"},"_links":{"self":[{"href":"https:\/\/lietaussistema.lt\/en\/wp-json\/wp\/v2\/product\/7430","targetHints":{"allow":["GET"]}}],"collection":[{"href":"https:\/\/lietaussistema.lt\/en\/wp-json\/wp\/v2\/product"}],"about":[{"href":"https:\/\/lietaussistema.lt\/en\/wp-json\/wp\/v2\/types\/product"}],"replies":[{"embeddable":true,"href":"https:\/\/lietaussistema.lt\/en\/wp-json\/wp\/v2\/comments?post=7430"}],"wp:featuredmedia":[{"embeddable":true,"href":"https:\/\/lietaussistema.lt\/en\/wp-json\/wp\/v2\/media\/7433"}],"wp:attachment":[{"href":"https:\/\/lietaussistema.lt\/en\/wp-json\/wp\/v2\/media?parent=7430"}],"wp:term":[{"taxonomy":"product_brand","embeddable":true,"href":"https:\/\/lietaussistema.lt\/en\/wp-json\/wp\/v2\/product_brand?post=7430"},{"taxonomy":"product_cat","embeddable":true,"href":"https:\/\/lietaussistema.lt\/en\/wp-json\/wp\/v2\/product_cat?post=7430"},{"taxonomy":"product_tag","embeddable":true,"href":"https:\/\/lietaussistema.lt\/en\/wp-json\/wp\/v2\/product_tag?post=7430"}],"curies":[{"name":"wp","href":"https:\/\/api.w.org\/{rel}","templated":true}]}}