{"id":7351,"date":"2025-09-17T07:41:24","date_gmt":"2025-09-17T07:41:24","guid":{"rendered":"https:\/\/lietaussistema.lt\/?post_type=product&#038;p=7351"},"modified":"2025-09-18T05:49:07","modified_gmt":"2025-09-18T05:49:07","slug":"vienviete-siuksliu-konteinerio-pastoge-mikko-pilka-medzio-imitacija","status":"publish","type":"product","link":"https:\/\/lietaussistema.lt\/en\/vienviete-siuksliu-konteinerio-pastoge-mikko-pilka-medzio-imitacija\/","title":{"rendered":"Vienviet\u0117 \u0161iuk\u0161li\u0173 konteinerio pastog\u0117 MIKKO, pilka\/med\u017eio imitacija"},"content":{"rendered":"<p>Ie\u0161kote b\u016bdo palaikyti tvark\u0105 savo sode ar nam\u0173 aplinkoje? Nepatinka matyti \u0161iuk\u0161li\u0173 konteineri\u0173 pro lang\u0105? \u0160i pastog\u0117 yra puikus sprendimas! Ji ne tik puikiai tinka konteineri\u0173 laikymui, bet ir sodo \u012franki\u0173 bei kit\u0173 reikmen\u0173 saugojimui.<\/p>\n<p>\u0160iuk\u0161li\u0173 konteineri\u0173 pastog\u0117je telpa vienas 60, 120 arba 240 litr\u0173 konteineris. Pastog\u0117s matmenys yra 68x80x116 cm. \u0160i pastog\u0117 leid\u017eia konteinerius laikyti tvarkingai ir nepastebimai. Ji turi dangt\u012f, tod\u0117l norint i\u0161mesti \u0161iuk\u0161les nereikia i\u0161stumti konteinerio, nes komplekte yra kabliukas ir virvut\u0117, kurie leid\u017eia pritvirtinti \u0161iuk\u0161liad\u0117\u017e\u0117s dangt\u012f prie pastog\u0117s dang\u010dio.<\/p>\n<p>&nbsp;<\/p>\n<p>Privalumai:<\/p>\n<p>\u2022 Tinka vienam iki 240 litr\u0173 talpos konteineriui;<br \/>\n\u2022 Dvigubos durys su rankenomis ir magnetais u\u017etikrina tvirt\u0105 u\u017esidarym\u0105 ir lengv\u0105 prieig\u0105 prie konteinerio;<br \/>\n\u2022 Vir\u0161utinis dangtis atidaromas patogiam naudojimui, leid\u017eiant i\u0161mesti \u0161iuk\u0161les nei\u0161ve\u017eant konteinerio;<br \/>\n\u2022 Med\u017eiagos yra atsparios oro s\u0105lygoms, patvarios ir nereikalauja papildomos prie\u017ei\u016bros;<br \/>\n\u2022 Moderni ir esteti\u0161ka i\u0161vaizda, puikiai deranti prie bet kokio sodo ar namo eksterjero.<\/p>\n<p>Matmenys: 68x80x116<br \/>\nStoris: 0,8 mm<br \/>\nPavir\u0161ius: miltelin\u0117 danga<br \/>\nSpalva: RAL7016 su med\u017eio imitacija<br \/>\nSvoris: 36,9 kg<br \/>\nMed\u017eiaga: cinkuota skarda, plieninis dur\u0173 r\u0117mas<\/p>\n<p>Tinka konteineriams: 60 L, 120 L, 240 L<\/p>\n<p>*Reali spalva gali \u0161iek tiek skirtis nuo pavaizduotos nuotraukoje.<\/p>","protected":false},"excerpt":{"rendered":"<p>Ie\u0161kote b\u016bdo palaikyti tvark\u0105 savo sode ar nam\u0173 aplinkoje? Nepatinka matyti \u0161iuk\u0161li\u0173 konteineri\u0173 pro lang\u0105? \u0160i pastog\u0117 yra puikus sprendimas! Ji ne tik puikiai tinka konteineri\u0173 laikymui, bet ir sodo \u012franki\u0173 bei kit\u0173 reikmen\u0173 saugojimui. \u0160iuk\u0161li\u0173 konteineri\u0173 pastog\u0117je telpa vienas 60, 120 arba 240 litr\u0173 konteineris. Pastog\u0117s matmenys yra 68x80x116 cm. \u0160i pastog\u0117 leid\u017eia konteinerius laikyti tvarkingai ir nepastebimai. Ji turi dangt\u012f, tod\u0117l norint i\u0161mesti \u0161iuk\u0161les nereikia i\u0161stumti konteinerio, nes komplekte yra kabliukas ir virvut\u0117, kurie leid\u017eia pritvirtinti \u0161iuk\u0161liad\u0117\u017e\u0117s dangt\u012f prie pastog\u0117s dang\u010dio. &nbsp; Privalumai: \u2022 Tinka vienam iki 240 litr\u0173 talpos konteineriui; \u2022 Dvigubos durys su rankenomis ir magnetais u\u017etikrina tvirt\u0105 u\u017esidarym\u0105 ir lengv\u0105 prieig\u0105 prie konteinerio; \u2022 Vir\u0161utinis dangtis atidaromas patogiam naudojimui, leid\u017eiant i\u0161mesti \u0161iuk\u0161les nei\u0161ve\u017eant konteinerio; \u2022 Med\u017eiagos yra atsparios oro s\u0105lygoms, patvarios ir nereikalauja papildomos prie\u017ei\u016bros; \u2022 Moderni ir esteti\u0161ka i\u0161vaizda, puikiai deranti prie bet kokio sodo ar namo eksterjero. Matmenys: 68x80x116 Storis: 0,8 mm Pavir\u0161ius: miltelin\u0117 danga Spalva: RAL7016 su med\u017eio imitacija Svoris: 36,9 kg Med\u017eiaga: cinkuota skarda, plieninis dur\u0173 r\u0117mas Tinka konteineriams: 60 L, 120 L, 240 L *Reali spalva gali \u0161iek tiek skirtis nuo pavaizduotos nuotraukoje.<\/p>","protected":false},"featured_media":7352,"comment_status":"open","ping_status":"closed","template":"","meta":{"_monsterinsights_skip_tracking":false,"_monsterinsights_sitenote_active":false,"_monsterinsights_sitenote_note":"","_monsterinsights_sitenote_category":0},"product_brand":[],"product_cat":[113],"product_tag":[],"class_list":{"0":"post-7351","1":"product","2":"type-product","3":"status-publish","4":"has-post-thumbnail","6":"product_cat-siuksliu-konteineriu-pastoges","8":"first","9":"instock","10":"sale","11":"shipping-taxable","12":"purchasable","13":"product-type-simple"},"_links":{"self":[{"href":"https:\/\/lietaussistema.lt\/en\/wp-json\/wp\/v2\/product\/7351","targetHints":{"allow":["GET"]}}],"collection":[{"href":"https:\/\/lietaussistema.lt\/en\/wp-json\/wp\/v2\/product"}],"about":[{"href":"https:\/\/lietaussistema.lt\/en\/wp-json\/wp\/v2\/types\/product"}],"replies":[{"embeddable":true,"href":"https:\/\/lietaussistema.lt\/en\/wp-json\/wp\/v2\/comments?post=7351"}],"wp:featuredmedia":[{"embeddable":true,"href":"https:\/\/lietaussistema.lt\/en\/wp-json\/wp\/v2\/media\/7352"}],"wp:attachment":[{"href":"https:\/\/lietaussistema.lt\/en\/wp-json\/wp\/v2\/media?parent=7351"}],"wp:term":[{"taxonomy":"product_brand","embeddable":true,"href":"https:\/\/lietaussistema.lt\/en\/wp-json\/wp\/v2\/product_brand?post=7351"},{"taxonomy":"product_cat","embeddable":true,"href":"https:\/\/lietaussistema.lt\/en\/wp-json\/wp\/v2\/product_cat?post=7351"},{"taxonomy":"product_tag","embeddable":true,"href":"https:\/\/lietaussistema.lt\/en\/wp-json\/wp\/v2\/product_tag?post=7351"}],"curies":[{"name":"wp","href":"https:\/\/api.w.org\/{rel}","templated":true}]}}