{"id":7338,"date":"2025-09-16T07:06:58","date_gmt":"2025-09-16T07:06:58","guid":{"rendered":"https:\/\/lietaussistema.lt\/?post_type=product&#038;p=7338"},"modified":"2025-09-17T08:18:32","modified_gmt":"2025-09-17T08:18:32","slug":"triviete-siuksliu-konteineriu-pastoge-mikko-pilka","status":"publish","type":"product","link":"https:\/\/lietaussistema.lt\/en\/triviete-siuksliu-konteineriu-pastoge-mikko-pilka\/","title":{"rendered":"Triviet\u0117 \u0161iuk\u0161li\u0173 konteineri\u0173 pastog\u0117 MIKKO, pilka"},"content":{"rendered":"<p>Ie\u0161kote sprendimo, kaip pasl\u0117pti \u0161iuk\u0161li\u0173 konteinerius ir palaikyti tvark\u0105 savo kieme? \u0160i konteineri\u0173 pastog\u0117 yra prakti\u0161kas ir esteti\u0161kas sprendimas, apsaugantis atliek\u0173 konteinerius nuo lietaus, sniego ir v\u0117jo. Ji taip pat gali b\u016bti naudojama ne tik konteineriams laikyti, bet ir kaip sand\u0117liavimo vieta sodo \u012frankiams bei kitiems reikmenims.<\/p>\n<p>\u0160i pastog\u0117 talpina tris iki 240 litr\u0173 konteinerius, jos matmenys \u2013 200x80x116 cm. Konstrukcija pagaminta i\u0161 milteliniu b\u016bdu dengto cinkuoto plieno, u\u017etikrinan\u010dio ilgaam\u017ei\u0161kum\u0105 ir atsparum\u0105 aplinkos poveikiui. Vir\u0161utin\u0117 dalis atidaroma, tod\u0117l \u0161iuk\u0161les galima i\u0161mesti nei\u0161ve\u017eant konteinerio \u2013 tam skirtas specialus kabliukas su virvele, leid\u017eiantis pakelti konteinerio dangt\u012f kartu su pastog\u0117s dang\u010diu. Dvigubos durys su magnetais ir rankenomis u\u017etikrina patog\u0173 pri\u0117jim\u0105 bei saug\u0173 u\u017edarym\u0105.<\/p>\n<p>Privalumai:<br \/>\n\u2022 Talpina tris iki 240 litr\u0173 konteinerius<br \/>\n\u2022 Dvigubos durys su rankenomis ir magnetais u\u017etikrina tvirt\u0105 u\u017esidarym\u0105 ir lengv\u0105 prieig\u0105<br \/>\n\u2022 Atidaromas vir\u0161utinis dangtis patogiam naudojimui<br \/>\n\u2022 Atsparumas oro s\u0105lygoms ir nereikalauja papildomos prie\u017ei\u016bros<br \/>\n\u2022 Modernus dizainas, tinkantis prie \u012fvairi\u0173 eksterjer\u0173<\/p>\n<p>Matmenys: 200x80x116 cm<br \/>\nStoris: 0,8 mm<br \/>\nPavir\u0161ius: miltelin\u0117 danga<br \/>\nSpalva: RAL7016 (pilka)<br \/>\nSvoris: 95,30 kg<br \/>\nMed\u017eiaga: cinkuota skarda, plieninis dur\u0173 r\u0117mas<\/p>\n<p>Tinka konteineriams: 60 L, 120 L, 240 L<\/p>","protected":false},"excerpt":{"rendered":"<p>Ie\u0161kote sprendimo, kaip pasl\u0117pti \u0161iuk\u0161li\u0173 konteinerius ir palaikyti tvark\u0105 savo kieme? \u0160i konteineri\u0173 pastog\u0117 yra prakti\u0161kas ir esteti\u0161kas sprendimas, apsaugantis atliek\u0173 konteinerius nuo lietaus, sniego ir v\u0117jo. Ji taip pat gali b\u016bti naudojama ne tik konteineriams laikyti, bet ir kaip sand\u0117liavimo vieta sodo \u012frankiams bei kitiems reikmenims. \u0160i pastog\u0117 talpina tris iki 240 litr\u0173 konteinerius, jos matmenys \u2013 200x80x116 cm. Konstrukcija pagaminta i\u0161 milteliniu b\u016bdu dengto cinkuoto plieno, u\u017etikrinan\u010dio ilgaam\u017ei\u0161kum\u0105 ir atsparum\u0105 aplinkos poveikiui. Vir\u0161utin\u0117 dalis atidaroma, tod\u0117l \u0161iuk\u0161les galima i\u0161mesti nei\u0161ve\u017eant konteinerio \u2013 tam skirtas specialus kabliukas su virvele, leid\u017eiantis pakelti konteinerio dangt\u012f kartu su pastog\u0117s dang\u010diu. Dvigubos durys su magnetais ir rankenomis u\u017etikrina patog\u0173 pri\u0117jim\u0105 bei saug\u0173 u\u017edarym\u0105. Privalumai: \u2022 Talpina tris iki 240 litr\u0173 konteinerius \u2022 Dvigubos durys su rankenomis ir magnetais u\u017etikrina tvirt\u0105 u\u017esidarym\u0105 ir lengv\u0105 prieig\u0105 \u2022 Atidaromas vir\u0161utinis dangtis patogiam naudojimui \u2022 Atsparumas oro s\u0105lygoms ir nereikalauja papildomos prie\u017ei\u016bros \u2022 Modernus dizainas, tinkantis prie \u012fvairi\u0173 eksterjer\u0173 Matmenys: 200x80x116 cm Storis: 0,8 mm Pavir\u0161ius: miltelin\u0117 danga Spalva: RAL7016 (pilka) Svoris: 95,30 kg Med\u017eiaga: cinkuota skarda, plieninis dur\u0173 r\u0117mas Tinka konteineriams: 60 L, 120 L, 240 L<\/p>","protected":false},"featured_media":7339,"comment_status":"open","ping_status":"closed","template":"","meta":{"_monsterinsights_skip_tracking":false,"_monsterinsights_sitenote_active":false,"_monsterinsights_sitenote_note":"","_monsterinsights_sitenote_category":0},"product_brand":[],"product_cat":[113],"product_tag":[],"class_list":{"0":"post-7338","1":"product","2":"type-product","3":"status-publish","4":"has-post-thumbnail","6":"product_cat-siuksliu-konteineriu-pastoges","8":"first","9":"instock","10":"sale","11":"shipping-taxable","12":"purchasable","13":"product-type-simple"},"_links":{"self":[{"href":"https:\/\/lietaussistema.lt\/en\/wp-json\/wp\/v2\/product\/7338","targetHints":{"allow":["GET"]}}],"collection":[{"href":"https:\/\/lietaussistema.lt\/en\/wp-json\/wp\/v2\/product"}],"about":[{"href":"https:\/\/lietaussistema.lt\/en\/wp-json\/wp\/v2\/types\/product"}],"replies":[{"embeddable":true,"href":"https:\/\/lietaussistema.lt\/en\/wp-json\/wp\/v2\/comments?post=7338"}],"wp:featuredmedia":[{"embeddable":true,"href":"https:\/\/lietaussistema.lt\/en\/wp-json\/wp\/v2\/media\/7339"}],"wp:attachment":[{"href":"https:\/\/lietaussistema.lt\/en\/wp-json\/wp\/v2\/media?parent=7338"}],"wp:term":[{"taxonomy":"product_brand","embeddable":true,"href":"https:\/\/lietaussistema.lt\/en\/wp-json\/wp\/v2\/product_brand?post=7338"},{"taxonomy":"product_cat","embeddable":true,"href":"https:\/\/lietaussistema.lt\/en\/wp-json\/wp\/v2\/product_cat?post=7338"},{"taxonomy":"product_tag","embeddable":true,"href":"https:\/\/lietaussistema.lt\/en\/wp-json\/wp\/v2\/product_tag?post=7338"}],"curies":[{"name":"wp","href":"https:\/\/api.w.org\/{rel}","templated":true}]}}