{"id":7336,"date":"2025-09-17T08:08:32","date_gmt":"2025-09-17T08:08:32","guid":{"rendered":"https:\/\/lietaussistema.lt\/?post_type=product&#038;p=7336"},"modified":"2025-09-17T08:12:22","modified_gmt":"2025-09-17T08:12:22","slug":"keturviete-siuksliu-konteineriu-pastoge-mikko-pilka","status":"publish","type":"product","link":"https:\/\/lietaussistema.lt\/en\/keturviete-siuksliu-konteineriu-pastoge-mikko-pilka\/","title":{"rendered":"Keturviet\u0117 \u0161iuk\u0161li\u0173 konteineri\u0173 pastog\u0117 MIKKO, pilka"},"content":{"rendered":"<p>Ie\u0161kote prakti\u0161ko b\u016bdo pasl\u0117pti \u0161iuk\u0161li\u0173 konteinerius ir palaikyti tvark\u0105 savo kieme? \u0160i konteineri\u0173 pastog\u0117 \u2013 puikus sprendimas, padedantis i\u0161laikyti estetik\u0105 ir apsaugoti konteinerius nuo lietaus, sniego ir v\u0117jo. Ji taip pat gali b\u016bti naudojama ne tik atliek\u0173 konteineri\u0173 saugojimui, bet ir kaip sand\u0117liavimo vieta sodo \u012frankiams ar kitiems reikmenims.<\/p>\n<p>\u0160i pastog\u0117 talpina keturis iki 240 litr\u0173 konteinerius, jos matmenys \u2013 264x80x116 cm. Konstrukcija pagaminta i\u0161 milteliniu b\u016bdu dengto cinkuoto plieno, kuris u\u017etikrina ilgaam\u017ei\u0161kum\u0105 ir atsparum\u0105 korozijai. Apvalintas dangtis leid\u017eia krituliams nub\u0117gti, o dvigubos durys su magnetais suteikia patog\u0173 pri\u0117jim\u0105. Vir\u0161utin\u0117 dalis atidaroma, tod\u0117l norint i\u0161mesti atliekas nereikia i\u0161traukti konteinerio \u2013 tam skirtas specialus kabliukas su virvute, pritvirtinantis konteinerio dangt\u012f prie pastog\u0117s dang\u010dio.<\/p>\n<p>Privalumai:<br \/>\n\u2022 Talpina keturis iki 240 litr\u0173 konteinerius<br \/>\n\u2022 Dvigubos durys su rankenomis ir magnetais u\u017etikrina tvirt\u0105 u\u017esidarym\u0105 ir lengv\u0105 prieig\u0105<br \/>\n\u2022 Atidaromas vir\u0161utinis dangtis patogiam naudojimui<br \/>\n\u2022 Automatinio nuleidimo mechanizmas u\u017etikrina tyl\u0173 dang\u010dio u\u017esidarym\u0105<br \/>\n\u2022 Atsparumas oro s\u0105lygoms ir nereikalauja papildomos prie\u017ei\u016bros<br \/>\n\u2022 Modernus dizainas, tinkantis prie \u012fvairi\u0173 eksterjer\u0173<\/p>\n<p>Matmenys: 264x80x116 cm<br \/>\nStoris: 0,8 mm<br \/>\nPavir\u0161ius: miltelin\u0117 danga<br \/>\nSpalva: RAL7016 (pilka)<br \/>\nSvoris: 116,80 kg<br \/>\nMed\u017eiaga: cinkuota skarda, plieninis dur\u0173 r\u0117mas<\/p>\n<p>Tinka konteineriams: 60 L, 120 L, 240 L<\/p>","protected":false},"excerpt":{"rendered":"<p>Ie\u0161kote prakti\u0161ko b\u016bdo pasl\u0117pti \u0161iuk\u0161li\u0173 konteinerius ir palaikyti tvark\u0105 savo kieme? \u0160i konteineri\u0173 pastog\u0117 \u2013 puikus sprendimas, padedantis i\u0161laikyti estetik\u0105 ir apsaugoti konteinerius nuo lietaus, sniego ir v\u0117jo. Ji taip pat gali b\u016bti naudojama ne tik atliek\u0173 konteineri\u0173 saugojimui, bet ir kaip sand\u0117liavimo vieta sodo \u012frankiams ar kitiems reikmenims. \u0160i pastog\u0117 talpina keturis iki 240 litr\u0173 konteinerius, jos matmenys \u2013 264x80x116 cm. Konstrukcija pagaminta i\u0161 milteliniu b\u016bdu dengto cinkuoto plieno, kuris u\u017etikrina ilgaam\u017ei\u0161kum\u0105 ir atsparum\u0105 korozijai. Apvalintas dangtis leid\u017eia krituliams nub\u0117gti, o dvigubos durys su magnetais suteikia patog\u0173 pri\u0117jim\u0105. Vir\u0161utin\u0117 dalis atidaroma, tod\u0117l norint i\u0161mesti atliekas nereikia i\u0161traukti konteinerio \u2013 tam skirtas specialus kabliukas su virvute, pritvirtinantis konteinerio dangt\u012f prie pastog\u0117s dang\u010dio. Privalumai: \u2022 Talpina keturis iki 240 litr\u0173 konteinerius \u2022 Dvigubos durys su rankenomis ir magnetais u\u017etikrina tvirt\u0105 u\u017esidarym\u0105 ir lengv\u0105 prieig\u0105 \u2022 Atidaromas vir\u0161utinis dangtis patogiam naudojimui \u2022 Automatinio nuleidimo mechanizmas u\u017etikrina tyl\u0173 dang\u010dio u\u017esidarym\u0105 \u2022 Atsparumas oro s\u0105lygoms ir nereikalauja papildomos prie\u017ei\u016bros \u2022 Modernus dizainas, tinkantis prie \u012fvairi\u0173 eksterjer\u0173 Matmenys: 264x80x116 cm Storis: 0,8 mm Pavir\u0161ius: miltelin\u0117 danga Spalva: RAL7016 (pilka) Svoris: 116,80 kg Med\u017eiaga: cinkuota skarda, plieninis dur\u0173 r\u0117mas Tinka konteineriams: 60 L, 120 L, 240 L<\/p>","protected":false},"featured_media":7337,"comment_status":"open","ping_status":"closed","template":"","meta":{"_monsterinsights_skip_tracking":false,"_monsterinsights_sitenote_active":false,"_monsterinsights_sitenote_note":"","_monsterinsights_sitenote_category":0},"product_brand":[],"product_cat":[113],"product_tag":[],"class_list":{"0":"post-7336","1":"product","2":"type-product","3":"status-publish","4":"has-post-thumbnail","6":"product_cat-siuksliu-konteineriu-pastoges","8":"first","9":"instock","10":"sale","11":"shipping-taxable","12":"purchasable","13":"product-type-simple"},"_links":{"self":[{"href":"https:\/\/lietaussistema.lt\/en\/wp-json\/wp\/v2\/product\/7336","targetHints":{"allow":["GET"]}}],"collection":[{"href":"https:\/\/lietaussistema.lt\/en\/wp-json\/wp\/v2\/product"}],"about":[{"href":"https:\/\/lietaussistema.lt\/en\/wp-json\/wp\/v2\/types\/product"}],"replies":[{"embeddable":true,"href":"https:\/\/lietaussistema.lt\/en\/wp-json\/wp\/v2\/comments?post=7336"}],"wp:featuredmedia":[{"embeddable":true,"href":"https:\/\/lietaussistema.lt\/en\/wp-json\/wp\/v2\/media\/7337"}],"wp:attachment":[{"href":"https:\/\/lietaussistema.lt\/en\/wp-json\/wp\/v2\/media?parent=7336"}],"wp:term":[{"taxonomy":"product_brand","embeddable":true,"href":"https:\/\/lietaussistema.lt\/en\/wp-json\/wp\/v2\/product_brand?post=7336"},{"taxonomy":"product_cat","embeddable":true,"href":"https:\/\/lietaussistema.lt\/en\/wp-json\/wp\/v2\/product_cat?post=7336"},{"taxonomy":"product_tag","embeddable":true,"href":"https:\/\/lietaussistema.lt\/en\/wp-json\/wp\/v2\/product_tag?post=7336"}],"curies":[{"name":"wp","href":"https:\/\/api.w.org\/{rel}","templated":true}]}}