{"id":6813,"date":"2025-05-19T08:52:18","date_gmt":"2025-05-19T08:52:18","guid":{"rendered":"https:\/\/lietaussistema.lt\/?post_type=product&#038;p=6813"},"modified":"2025-05-26T08:28:16","modified_gmt":"2025-05-26T08:28:16","slug":"trisakis-flamingo-budmat-125-90","status":"publish","type":"product","link":"https:\/\/lietaussistema.lt\/en\/trisakis-flamingo-budmat-125-90\/","title":{"rendered":"Tri\u0161akis Flamingo BUDMAT 125\/90"},"content":{"rendered":"<p><strong>Ne\u017einai kaip i\u0161sirinkti? Para\u0161yk mums el. p. mbskardulyderis@gmail.com ir pad\u0117sime sukomplektuoti lietaus nuvedimo sistem\u0105 pagal J\u016bs\u0173 stog\u0105.<\/strong><\/p>\n<p>Tri\u0161akis yra elementas naudojamas vandens pa\u0161alinimui nuo ma\u017e\u0173 stog\u0173 ar mansard\u0173.<\/p>\n<p><strong>Veiksmingumas &#8211; <\/strong>sistema pagaminta i\u0161 auk\u0161\u010diausios kokyb\u0117s plieno, padengto 275 g\/m\u00b2 cinko danga. Flamingo sistemos elementai yra presuojami specialiose formose. Pamir\u0161kite apie pratek\u0117jim\u0105.<\/p>\n<p><strong>Tik geriausios med\u017eiagos<\/strong> &#8211; Flamingo elementai yra gaminami i\u0161 \u201eGreenCoat RWS\u201c (Rain Water System) plieno, kur\u012f gamina \u201eSSAB\u201c \u2013 pasaulinio lygio plieno pramon\u0117s koncernas i\u0161 \u0160vedijos. \u201eGreenCoat RW\u201c buvo specialiai sukurtas auk\u0161tos kokyb\u0117s lietaus nuvedimo sistem\u0173 gamybai. Jis yra su dvipuse danga ir pasi\u017eymi i\u0161skirtiniu patvarumu. \u201eGreenCoat RW\u201c gaminiuose naudojamose dangose yra polimero daleli\u0173, kurios padidina pavir\u0161iaus atsparum\u0105 \u012fbr\u0117\u017eimams.<\/p>\n<p><strong>Spalva<\/strong> \u2013 pla\u010dioje, nuolat pasiekiamoje spalv\u0173 palet\u0117je, kiekvienas ras savo stogo dangai tinkan\u010di\u0105 spalv\u0105. \u0160iuo metu m\u016bs\u0173 parduotuv\u0117je galite \u012fsigyti 7 atspalvi\u0173 sistem\u0105.<\/p>\n<p><strong>Minimali temperat\u016bros kaita<\/strong> \u2013 plienin\u0117 lietaus nuvedimo sistema nepakei\u010dia matmen\u0173 esant \u0161iltoms dienoms ar \u0161altoms naktims. Tod\u0117l per vis\u0105 naudojimosi laikotarp\u012f latak\u0173, lietvamzd\u017ei\u0173 ir kit\u0173 dali\u0173 forma i\u0161lieka tiesi.. Ji yra itin atspari korozijai, UV spinduliams ir \u012fbr\u0117\u017eimams.<\/p>\n<p><strong>Garantija<\/strong> &#8211; Flamingo suteikiama 30 met\u0173 garantija.<\/p>\n<p><strong>Paprastas ir greitas montavimas<\/strong> &#8211; Flamingo elementai yra gaminami itin precizi\u0161kai bei puikiai dera tarpusavyje. Visai kaip vaiki\u0161kos kalad\u0117l\u0117s. Tod\u0117l kiekvienas stogdengys be menkiausios problemos susitvarkys su montavimu.<\/p>\n<p><strong>Patikrinta sistema<\/strong> &#8211; Flamingo populiarumas nebl\u0117sta jau daugel\u012f met\u0173. 2010 metais sistema buvo apdovanota statybos ir architekt\u016bros parodos \u201eBUDMA\u201c aukso medaliu. Tai stogdengi\u0173 m\u0117giama ir rekomenduojama sistema.<\/p>","protected":false},"excerpt":{"rendered":"<p>Lietaus nuvedimo sistemos &#8211; Tri\u0161akis.<br \/>\nElementas naudojamas vandens pa\u0161alinimui nuo ma\u017e\u0173 stog\u0173 ar mansard\u0173.<\/p>","protected":false},"featured_media":6821,"comment_status":"open","ping_status":"closed","template":"","meta":{"_monsterinsights_skip_tracking":false,"_monsterinsights_sitenote_active":false,"_monsterinsights_sitenote_note":"","_monsterinsights_sitenote_category":0},"product_brand":[],"product_cat":[75,110],"product_tag":[112],"class_list":{"0":"post-6813","1":"product","2":"type-product","3":"status-publish","4":"has-post-thumbnail","6":"product_cat-lietaus-nuvedimo-sistema","7":"product_cat-flamingo-budmat","8":"product_tag-detales","10":"first","11":"instock","12":"sale","13":"shipping-taxable","14":"purchasable","15":"product-type-variable"},"_links":{"self":[{"href":"https:\/\/lietaussistema.lt\/en\/wp-json\/wp\/v2\/product\/6813","targetHints":{"allow":["GET"]}}],"collection":[{"href":"https:\/\/lietaussistema.lt\/en\/wp-json\/wp\/v2\/product"}],"about":[{"href":"https:\/\/lietaussistema.lt\/en\/wp-json\/wp\/v2\/types\/product"}],"replies":[{"embeddable":true,"href":"https:\/\/lietaussistema.lt\/en\/wp-json\/wp\/v2\/comments?post=6813"}],"wp:featuredmedia":[{"embeddable":true,"href":"https:\/\/lietaussistema.lt\/en\/wp-json\/wp\/v2\/media\/6821"}],"wp:attachment":[{"href":"https:\/\/lietaussistema.lt\/en\/wp-json\/wp\/v2\/media?parent=6813"}],"wp:term":[{"taxonomy":"product_brand","embeddable":true,"href":"https:\/\/lietaussistema.lt\/en\/wp-json\/wp\/v2\/product_brand?post=6813"},{"taxonomy":"product_cat","embeddable":true,"href":"https:\/\/lietaussistema.lt\/en\/wp-json\/wp\/v2\/product_cat?post=6813"},{"taxonomy":"product_tag","embeddable":true,"href":"https:\/\/lietaussistema.lt\/en\/wp-json\/wp\/v2\/product_tag?post=6813"}],"curies":[{"name":"wp","href":"https:\/\/api.w.org\/{rel}","templated":true}]}}