{"id":5288,"date":"2025-03-01T14:34:31","date_gmt":"2025-03-01T14:34:31","guid":{"rendered":"https:\/\/lietaussistema.lt\/?post_type=product&#038;p=5288"},"modified":"2025-05-26T08:37:31","modified_gmt":"2025-05-26T08:37:31","slug":"latakas-3-metrai-flamingo-budmat-125-90","status":"publish","type":"product","link":"https:\/\/lietaussistema.lt\/en\/latakas-3-metrai-flamingo-budmat-125-90\/","title":{"rendered":"Latakas 3 metrai Flamingo BUDMAT 125\/90"},"content":{"rendered":"<p>Latakas 3 metrai Flamingo BUDMAT 125\/90 yra elementas, kurio tiesiogin\u0117 funkcija &#8211; nuo stogo pavir\u0161iaus sub\u0117gan\u010dio vandens pa\u0161alinimas. Latako ilgis 3 metrai.<\/p>\n<p><strong>Ne\u017einai kaip i\u0161sirinkti? Para\u0161yk mums el. p. mbskardulyderis@gmail.com ir pad\u0117sime sukomplektuoti lietaus nuvedimo sistem\u0105 pagal J\u016bs\u0173 stog\u0105.<\/strong><\/p>\n<p><strong>Veiksmingumas &#8211; <\/strong>sistema pagaminta i\u0161 auk\u0161\u010diausios kokyb\u0117s plieno, padengto 275 g\/m\u00b2 cinko danga. Be to, Flamingo sistemos elementai yra presuojami specialiose formose, tod\u0117l u\u017etikrinamas maksimalus sandarumas. D\u0117l \u0161ios prie\u017easties, galite pamir\u0161ti apie pratek\u0117jim\u0105.<\/p>\n<p><strong>Tik geriausios med\u017eiagos<\/strong> &#8211; Flamingo elementai yra gaminami i\u0161 \u201eGreenCoat RWS\u201c (Rain Water System) plieno, kur\u012f tiekia \u201eSSAB\u201c \u2013 pasaulinio lygio plieno pramon\u0117s koncernas i\u0161 \u0160vedijos. \u0160is plienas buvo specialiai sukurtas auk\u0161tos kokyb\u0117s lietaus nuvedimo sistemoms. Be kita ko, jis padengtas dvipuse danga ir pasi\u017eymi i\u0161skirtiniu patvarumu. Svarbu tai, kad \u201eGreenCoat RW\u201c dangose esan\u010dios polimero dalel\u0117s padidina pavir\u0161iaus atsparum\u0105 \u012fbr\u0117\u017eimams.<\/p>\n<p><strong>Spalva<\/strong> \u2013 pla\u010dioje, nuolat pasiekiamoje spalv\u0173 palet\u0117je, kiekvienas ras stogo dangai tinkam\u0105 atspalv\u012f. \u0160iuo metu, m\u016bs\u0173 parduotuv\u0117je galite \u012fsigyti 7 atspalvi\u0173 sistem\u0105.<\/p>\n<p><strong>Minimali temperat\u016bros kaita<\/strong> \u2013 plienin\u0117\u00a0lietaus nuvedimo sistema nei\u0161sikraipo nei esant \u0161iltoms dienoms, nei \u0161altoms naktims. Tod\u0117l, vis\u0105 naudojimosi laikotarp\u012f latak\u0173, lietvamzd\u017ei\u0173 ir kit\u0173 dali\u0173 forma i\u0161lieka tiesi. Taip pat, ji yra itin atspari korozijai, UV spinduliams ir \u012fbr\u0117\u017eimams.<\/p>\n<p><strong>Garantija<\/strong> &#8211; Flamingo sistemai suteikiama net 30 met\u0173 garantij\u0105, tad galite b\u016bti ram\u016bs d\u0117l ilgalaikio sistemos patikimumo.<\/p>\n<p><strong>Paprastas ir greitas montavimas<\/strong> &#8211; Flamingo\u00a0elementai gaminami itin precizi\u0161kai, tod\u0117l puikiai dera tarpusavyje \u2013 tarsi vaiki\u0161kos kalad\u0117l\u0117s. D\u0117l to, kiekvienas stogdengys be joki\u0173 r\u016bpes\u010di\u0173 sumontuos sistem\u0105.<\/p>\n<p><strong>Patikrinta sistema<\/strong> &#8211; Flamingo populiarumas nebl\u0117sta jau daugel\u012f met\u0173. Be kita ko, 2010 metais \u0161i sistema peln\u0117 \u201eBUDMA\u201c statybos ir architekt\u016bros parodos aukso medal\u012f. Tai \u012frodo, kad tai yra stogdengi\u0173 m\u0117giama ir rekomenduojama sistema.<\/p>\n<p><a href=\"https:\/\/www.budmat.com\/storage\/download\/preview\/montavimo-instrukcija-plienine-lietaus-vandens-nuvedimo-sistema-flamingo-1118?v=20230505\" target=\"_blank\" rel=\"noopener\">\u010cia<\/a> rasite i\u0161samias Flamingo sistemos montavimo instrukcijas, pad\u0117sian\u010dias teisingai pritvirtinti latakus, lietvamzd\u017eius ir kitus komponentus. Laikantis \u0161i\u0173 \u017eingsni\u0173 u\u017etikrinsite sistemos ilgaam\u017ei\u0161kum\u0105 ir nepriekai\u0161ting\u0105 veikim\u0105.<\/p>\n<p>Latakas 3 metrai Flamingo ir kitos sudedamosios dalys \u2013 vienoje vietoje m\u016bs\u0173 <a href=\"https:\/\/lietaussistema.lt\/en\/shop-v2\/\">kataloge<\/a>.<\/p>","protected":false},"excerpt":{"rendered":"<p>Latakas 3 metrai Flamingo BUDMAT 125\/90 yra elementas, kurio tiesiogin\u0117 funkcija &#8211; nuo stogo pavir\u0161iaus sub\u0117gan\u010dio vandens pa\u0161alinimas. Latako ilgis 3 metrai.<\/p>","protected":false},"featured_media":7127,"comment_status":"open","ping_status":"closed","template":"","meta":{"_monsterinsights_skip_tracking":false,"_monsterinsights_sitenote_active":false,"_monsterinsights_sitenote_note":"","_monsterinsights_sitenote_category":0},"product_brand":[],"product_cat":[75,110],"product_tag":[111],"class_list":{"0":"post-5288","1":"product","2":"type-product","3":"status-publish","4":"has-post-thumbnail","6":"product_cat-lietaus-nuvedimo-sistema","7":"product_cat-flamingo-budmat","8":"product_tag-latakai-lietvamzdziai","10":"first","11":"instock","12":"sale","13":"shipping-taxable","14":"purchasable","15":"product-type-variable"},"_links":{"self":[{"href":"https:\/\/lietaussistema.lt\/en\/wp-json\/wp\/v2\/product\/5288","targetHints":{"allow":["GET"]}}],"collection":[{"href":"https:\/\/lietaussistema.lt\/en\/wp-json\/wp\/v2\/product"}],"about":[{"href":"https:\/\/lietaussistema.lt\/en\/wp-json\/wp\/v2\/types\/product"}],"replies":[{"embeddable":true,"href":"https:\/\/lietaussistema.lt\/en\/wp-json\/wp\/v2\/comments?post=5288"}],"wp:featuredmedia":[{"embeddable":true,"href":"https:\/\/lietaussistema.lt\/en\/wp-json\/wp\/v2\/media\/7127"}],"wp:attachment":[{"href":"https:\/\/lietaussistema.lt\/en\/wp-json\/wp\/v2\/media?parent=5288"}],"wp:term":[{"taxonomy":"product_brand","embeddable":true,"href":"https:\/\/lietaussistema.lt\/en\/wp-json\/wp\/v2\/product_brand?post=5288"},{"taxonomy":"product_cat","embeddable":true,"href":"https:\/\/lietaussistema.lt\/en\/wp-json\/wp\/v2\/product_cat?post=5288"},{"taxonomy":"product_tag","embeddable":true,"href":"https:\/\/lietaussistema.lt\/en\/wp-json\/wp\/v2\/product_tag?post=5288"}],"curies":[{"name":"wp","href":"https:\/\/api.w.org\/{rel}","templated":true}]}}