{"id":5300,"date":"2025-03-03T13:45:38","date_gmt":"2025-03-03T13:45:38","guid":{"rendered":"https:\/\/lietaussistema.lt\/?page_id=5300"},"modified":"2025-04-08T18:29:30","modified_gmt":"2025-04-08T18:29:30","slug":"pristatymo-salygos","status":"publish","type":"page","link":"https:\/\/lietaussistema.lt\/en\/pristatymo-salygos\/","title":{"rendered":"Pristatymo salygos"},"content":{"rendered":"<div data-elementor-type=\"wp-page\" data-elementor-id=\"5300\" class=\"elementor elementor-5300\">\n\t\t\t\t<div class=\"elementor-element elementor-element-2a165cc9 e-flex e-con-boxed wpr-particle-no wpr-jarallax-no wpr-parallax-no wpr-sticky-section-no wpr-equal-height-no e-con e-parent\" data-id=\"2a165cc9\" data-element_type=\"container\" data-e-type=\"container\">\n\t\t\t\t\t<div class=\"e-con-inner\">\n\t\t\t\t<div class=\"elementor-element elementor-element-b0c5bb3 elementor-widget elementor-widget-text-editor\" data-id=\"b0c5bb3\" data-element_type=\"widget\" data-e-type=\"widget\" data-widget_type=\"text-editor.default\">\n\t\t\t\t<div class=\"elementor-widget-container\">\n\t\t\t\t\t\t\t\t\t\t\t\t\t\t\t\t\t<\/div>\n\t\t\t\t<\/div>\n\t\t\t\t\t<\/div>\n\t\t\t\t<\/div>\n\t\t<div class=\"elementor-element elementor-element-bfd22b7 e-flex e-con-boxed wpr-particle-no wpr-jarallax-no wpr-parallax-no wpr-sticky-section-no wpr-equal-height-no e-con e-parent\" data-id=\"bfd22b7\" data-element_type=\"container\" data-e-type=\"container\">\n\t\t\t\t\t<div class=\"e-con-inner\">\n\t\t\t\t<div class=\"elementor-element elementor-element-ae19573 elementor-widget elementor-widget-text-editor\" data-id=\"ae19573\" data-element_type=\"widget\" data-e-type=\"widget\" data-widget_type=\"text-editor.default\">\n\t\t\t\t<div class=\"elementor-widget-container\">\n\t\t\t\t\t\t\t\t\t<p><br><\/p>\n<h2><strong>Pristatymo s\u0105lygos<\/strong><\/h2>\n<p><strong>MB SkarduLyderis fizin\u0117 parduotuv\u0117 yra Turgaus g. 13A, K11-161, Garg\u017edai, LT-96131 Klaip\u0117dos r. Prekes tiekiame visoje Lietuvoje &#8211; siun\u010diame kurjeriais su \u012fteikimu, \u012f pa\u0161tomatus, pristatome \u012fvairi\u0173 tip\u0173 ir dyd\u017ei\u0173 transportu visoje Lietuvoje. Priklausomai nuo preki\u0173 tipo, galimas atsi\u0117mimas i\u0161 sand\u0117lio&nbsp; Klaip\u0117dos rajone (Garg\u017edai).<\/strong><\/p>\n<p>Internetin\u0117je parduotuv\u0117je <a href=\"https:\/\/lietaussistema.lt\/en\/\">Lietaussistema.lt<\/a> prekes galite u\u017esisakyti bet kuriuo paros metu, bet kuri\u0105 savait\u0117s dien\u0105. U\u017esakin\u0117dami prekes, galite pasirinkti patogiausi\u0105 preki\u0173 pristatymo b\u016bd\u0105. Prek\u0117s pristatomos j\u016bs\u0173 u\u017esakyme nurodytu adresu. Visada pasitikslinkite preki\u0173 pristatymo termin\u0105.<\/p>\n<p>Pirk\u0117jas, u\u017esakydamas prekes, \u012fsipareigoja nurodyti tiksli\u0105 preki\u0173 pristatymo viet\u0105 arba nurodyti, kad prek\u0119 atsiims nurodytame \u012fmon\u0117s sand\u0117lyje (atsi\u0117mimas sand\u0117lyje yra nemokamas).<\/p>\n<p>Prekes pristato Pardav\u0117jas arba Pardav\u0117jo \u012fgaliota logistikos \u012fmon\u0117 visoje Lietuvos teritorijoje. Pirk\u0117jas, u\u017esakydamas prekes, \u012fsipareigoja nurodyti tiksli\u0105 preki\u0173 pristatymo viet\u0105.<\/p>\n<p>Priklausomai nuo prek\u0117s r\u016b\u0161ies, Prek\u0117s pristatomos Pirk\u0117jo nurodytu adresu per 3-30 darbo dienas nuo apmok\u0117jimo u\u017e prekes gavimo dienos, i\u0161skyrus tuos atvejus kai prek\u0117s n\u0117ra Pardav\u0117jo ar gamintojo sand\u0117lyje.&nbsp;<\/p>\n<p>Preki\u0173 pristatymo metu J\u016bs privalote patikrinti gaunam\u0173 preki\u0173 b\u016bkl\u0119. Pasteb\u0117j\u0119s preki\u0173 pa\u017eeidim\u0105,&nbsp;Pirk\u0117jas turi&nbsp;apie&nbsp;tai pa\u017eym\u0117ti siuntos va\u017etara\u0161tyje.&nbsp;Pirk\u0117jui pri\u0117mus prek\u0119 ir&nbsp;pasira\u0161ius va\u017etara\u0161t\u012f be pastab\u0173, laikoma, kad&nbsp;prek\u0117s&nbsp;perduotos&nbsp;tvarkingai ir Pirk\u0117jas pretenzij\u0173 neturite.&nbsp;<\/p>\n<p>Pirk\u0117jas, u\u017esakydamas prekes, \u012fsipareigoja nurodyti tiksli\u0105 preki\u0173 pristatymo viet\u0105 arba nurodyti, kad prek\u0119 atsiims nurodytame \u012fmon\u0117s sand\u0117lyje (atsi\u0117mimas sand\u0117lyje yra nemokamas).<\/p>\n<p>Pirk\u0117jas informuojamas apie jo u\u017esakyt\u0173 preki\u0173 tr\u016bkum\u0105. Kartu Pirk\u0117jas sutinka, jog i\u0161imtinais atvejais preki\u0173 pristatymas gali v\u0117luoti d\u0117l nenumatyt\u0173, nuo Pardav\u0117jo nepriklausan\u010di\u0173 aplinkybi\u0173. Tokiu atveju Pardav\u0117jas \u012fsipareigoja nedelsiant susisiekti su Pirk\u0117ju ir suderinti preki\u0173 pristatymo klausimus.<\/p>\n<p>Pirk\u0117jas \u012fsipareigoja prekes priimti pats. Tuo atveju, kai jis preki\u0173 pats priimti negali, o prek\u0117s pristatytos nurodytu adresu ir remiantis kitais Pirk\u0117jo pateiktais duomenimis, Pirk\u0117jas neturi teis\u0117s reik\u0161ti Pardav\u0117jui pretenzij\u0173 d\u0117l preki\u0173 pristatymo netinkamam subjektui.<\/p>\n<p>Jei siunt\u0105 priims ne pats Pirk\u0117jas, Pirk\u0117jas privalo pildydamas u\u017esakymo informacij\u0105 papildomos informacijos laukelyje nurodyti siunt\u0105 priimsian\u010dio asmens Vard\u0105 Pavard\u0119, telefono numer\u012f ar kit\u0105 informacij\u0105 reikaling\u0105 prek\u0117s pristatymui.<\/p>\n<p>Preki\u0173 pristatymo (transportavimo) mokestis priklauso nuo preki\u0173 svorio bei u\u017esakymo sumos ir yra pateikiamas Pirk\u0117jui i\u0161ankstin\u0117je s\u0105skaitoje suformavus u\u017esakym\u0105.<\/p>\n<p>Visais atvejais Pardav\u0117jas atleid\u017eiamas nuo atsakomyb\u0117s u\u017e preki\u0173 pristatymo termin\u0173 pa\u017eeidim\u0105, jeigu prek\u0117s Pirk\u0117jui n\u0117ra pristatomos arba pristatomos ne laiku d\u0117l Pirk\u0117jo kalt\u0117s arba d\u0117l nuo Pirk\u0117jo priklausan\u010di\u0173 aplinkybi\u0173.<\/p>\n<p>Pirk\u0117jas \u012fsipareigoja nedelsiant informuoti Pardav\u0117j\u0105, jeigu siunta pateikiama pa\u017eeistoje, sulamdytoje arba kitu b\u016bdu suniokotoje pakuot\u0117je, taip pat tais atvejais, kai siuntoje pateikiamos neu\u017esakytos prek\u0117s arba netinkamas toki\u0173 preki\u0173 kiekis, nepilnas preki\u0173 komplektas, netinkamo dyd\u017eio, matmen\u0173 prek\u0117s ir pan.<\/p>\n<p>Prista\u010dius prekes Klientui pa\u017eeistoje pakuot\u0117je, Klientas privalo pateikiamame siuntos pristatymo patvirtinime nurodyti (para\u0161yti pastabas) arba dalyvaujant kurjeriui sura\u0161yti atskir\u0105 akt\u0105 d\u0117l toki\u0173 tr\u016bkum\u0173. Visais kitais atvejais Pardav\u0117jas n\u0117ra atsakingas d\u0117l Preki\u0173 pa\u017eeidim\u0173.<\/p>\n<p>Pirk\u0117jas, pasteb\u0117j\u0119s, jog siuntoje prek\u0117s yra netinkamos kokyb\u0117s, pa\u017eeistos, \u012fsipareigoja nedelsiant informuoti apie tai Pardav\u0117j\u0105. Pirk\u0117jui per 1 darbo dien\u0105 neparei\u0161kus pastab\u0173 d\u0117l akivaizd\u017ei\u0173 prek\u0117s tr\u016bkum\u0173 (jeigu toki\u0173 yra), laikoma, kad buvo pristatyta tinkamos kokyb\u0117s.<\/p>\t\t\t\t\t\t\t\t<\/div>\n\t\t\t\t<\/div>\n\t\t\t\t\t<\/div>\n\t\t\t\t<\/div>\n\t\t\t\t<\/div>","protected":false},"excerpt":{"rendered":"<p>Pristatymo s\u0105lygos MB SkarduLyderis fizin\u0117 parduotuv\u0117 yra Turgaus g. 13A, K11-161, Garg\u017edai, LT-96131 Klaip\u0117dos r. Prekes tiekiame visoje Lietuvoje &#8211; siun\u010diame kurjeriais su \u012fteikimu, \u012f pa\u0161tomatus, pristatome \u012fvairi\u0173 tip\u0173 ir dyd\u017ei\u0173 transportu visoje Lietuvoje. Priklausomai nuo preki\u0173 tipo, galimas atsi\u0117mimas i\u0161 sand\u0117lio&nbsp; Klaip\u0117dos rajone (Garg\u017edai). Internetin\u0117je parduotuv\u0117je Lietaussistema.lt prekes galite u\u017esisakyti bet kuriuo paros metu, bet kuri\u0105 savait\u0117s dien\u0105. U\u017esakin\u0117dami prekes, galite pasirinkti patogiausi\u0105 preki\u0173 pristatymo b\u016bd\u0105. Prek\u0117s pristatomos j\u016bs\u0173 u\u017esakyme nurodytu adresu. Visada pasitikslinkite preki\u0173 pristatymo termin\u0105. Pirk\u0117jas, u\u017esakydamas prekes, \u012fsipareigoja nurodyti tiksli\u0105 preki\u0173 pristatymo viet\u0105 arba nurodyti, kad prek\u0119 atsiims nurodytame \u012fmon\u0117s sand\u0117lyje (atsi\u0117mimas sand\u0117lyje yra nemokamas). Prekes pristato Pardav\u0117jas arba Pardav\u0117jo \u012fgaliota logistikos \u012fmon\u0117 visoje Lietuvos teritorijoje. Pirk\u0117jas, u\u017esakydamas prekes, \u012fsipareigoja nurodyti tiksli\u0105 preki\u0173 pristatymo viet\u0105. Priklausomai nuo prek\u0117s r\u016b\u0161ies, Prek\u0117s pristatomos Pirk\u0117jo nurodytu adresu per 3-30 darbo dienas nuo apmok\u0117jimo u\u017e prekes gavimo dienos, i\u0161skyrus tuos atvejus kai prek\u0117s n\u0117ra Pardav\u0117jo ar gamintojo sand\u0117lyje.&nbsp; Preki\u0173 pristatymo metu J\u016bs privalote patikrinti gaunam\u0173 preki\u0173 b\u016bkl\u0119. Pasteb\u0117j\u0119s preki\u0173 pa\u017eeidim\u0105,&nbsp;Pirk\u0117jas turi&nbsp;apie&nbsp;tai pa\u017eym\u0117ti siuntos va\u017etara\u0161tyje.&nbsp;Pirk\u0117jui pri\u0117mus prek\u0119 ir&nbsp;pasira\u0161ius va\u017etara\u0161t\u012f be pastab\u0173, laikoma, kad&nbsp;prek\u0117s&nbsp;perduotos&nbsp;tvarkingai ir Pirk\u0117jas pretenzij\u0173 neturite.&nbsp; Pirk\u0117jas, u\u017esakydamas prekes, \u012fsipareigoja nurodyti tiksli\u0105 preki\u0173 pristatymo viet\u0105 arba nurodyti, kad prek\u0119 atsiims nurodytame \u012fmon\u0117s sand\u0117lyje (atsi\u0117mimas sand\u0117lyje yra nemokamas). Pirk\u0117jas informuojamas apie jo u\u017esakyt\u0173 preki\u0173 tr\u016bkum\u0105. Kartu Pirk\u0117jas sutinka, jog i\u0161imtinais atvejais preki\u0173 pristatymas gali v\u0117luoti d\u0117l nenumatyt\u0173, nuo Pardav\u0117jo nepriklausan\u010di\u0173 aplinkybi\u0173. Tokiu atveju Pardav\u0117jas \u012fsipareigoja nedelsiant susisiekti su Pirk\u0117ju ir suderinti preki\u0173 pristatymo klausimus. Pirk\u0117jas \u012fsipareigoja prekes priimti pats. Tuo atveju, kai jis preki\u0173 pats priimti negali, o prek\u0117s pristatytos nurodytu adresu ir remiantis kitais Pirk\u0117jo pateiktais duomenimis, Pirk\u0117jas neturi teis\u0117s reik\u0161ti Pardav\u0117jui pretenzij\u0173 d\u0117l preki\u0173 pristatymo netinkamam subjektui. Jei siunt\u0105 priims ne pats Pirk\u0117jas, Pirk\u0117jas privalo pildydamas u\u017esakymo informacij\u0105 papildomos informacijos laukelyje nurodyti siunt\u0105 priimsian\u010dio asmens Vard\u0105 Pavard\u0119, telefono numer\u012f ar kit\u0105 informacij\u0105 reikaling\u0105 prek\u0117s pristatymui. Preki\u0173 pristatymo (transportavimo) mokestis priklauso nuo preki\u0173 svorio bei u\u017esakymo sumos ir yra pateikiamas Pirk\u0117jui i\u0161ankstin\u0117je s\u0105skaitoje suformavus u\u017esakym\u0105. Visais atvejais Pardav\u0117jas atleid\u017eiamas nuo atsakomyb\u0117s u\u017e preki\u0173 pristatymo termin\u0173 pa\u017eeidim\u0105, jeigu prek\u0117s Pirk\u0117jui n\u0117ra pristatomos arba pristatomos ne laiku d\u0117l Pirk\u0117jo kalt\u0117s arba d\u0117l nuo Pirk\u0117jo priklausan\u010di\u0173 aplinkybi\u0173. Pirk\u0117jas \u012fsipareigoja nedelsiant informuoti Pardav\u0117j\u0105, jeigu siunta pateikiama pa\u017eeistoje, sulamdytoje arba kitu b\u016bdu suniokotoje pakuot\u0117je, taip pat tais atvejais, kai siuntoje pateikiamos neu\u017esakytos prek\u0117s arba netinkamas toki\u0173 preki\u0173 kiekis, nepilnas preki\u0173 komplektas, netinkamo dyd\u017eio, matmen\u0173 prek\u0117s ir pan. Prista\u010dius prekes Klientui pa\u017eeistoje pakuot\u0117je, Klientas privalo pateikiamame siuntos pristatymo patvirtinime nurodyti (para\u0161yti pastabas) arba dalyvaujant kurjeriui sura\u0161yti atskir\u0105 akt\u0105 d\u0117l toki\u0173 tr\u016bkum\u0173. Visais kitais atvejais Pardav\u0117jas n\u0117ra atsakingas d\u0117l Preki\u0173 pa\u017eeidim\u0173. Pirk\u0117jas, pasteb\u0117j\u0119s, jog siuntoje prek\u0117s yra netinkamos kokyb\u0117s, pa\u017eeistos, \u012fsipareigoja nedelsiant informuoti apie tai Pardav\u0117j\u0105. Pirk\u0117jui per 1 darbo dien\u0105 neparei\u0161kus pastab\u0173 d\u0117l akivaizd\u017ei\u0173 prek\u0117s tr\u016bkum\u0173 (jeigu toki\u0173 yra), laikoma, kad buvo pristatyta tinkamos kokyb\u0117s.<\/p>","protected":false},"author":1,"featured_media":0,"parent":0,"menu_order":0,"comment_status":"closed","ping_status":"closed","template":"elementor_header_footer","meta":{"_monsterinsights_skip_tracking":false,"_monsterinsights_sitenote_active":false,"_monsterinsights_sitenote_note":"","_monsterinsights_sitenote_category":0,"footnotes":""},"class_list":["post-5300","page","type-page","status-publish","hentry"],"_links":{"self":[{"href":"https:\/\/lietaussistema.lt\/en\/wp-json\/wp\/v2\/pages\/5300","targetHints":{"allow":["GET"]}}],"collection":[{"href":"https:\/\/lietaussistema.lt\/en\/wp-json\/wp\/v2\/pages"}],"about":[{"href":"https:\/\/lietaussistema.lt\/en\/wp-json\/wp\/v2\/types\/page"}],"author":[{"embeddable":true,"href":"https:\/\/lietaussistema.lt\/en\/wp-json\/wp\/v2\/users\/1"}],"replies":[{"embeddable":true,"href":"https:\/\/lietaussistema.lt\/en\/wp-json\/wp\/v2\/comments?post=5300"}],"version-history":[{"count":10,"href":"https:\/\/lietaussistema.lt\/en\/wp-json\/wp\/v2\/pages\/5300\/revisions"}],"predecessor-version":[{"id":6190,"href":"https:\/\/lietaussistema.lt\/en\/wp-json\/wp\/v2\/pages\/5300\/revisions\/6190"}],"wp:attachment":[{"href":"https:\/\/lietaussistema.lt\/en\/wp-json\/wp\/v2\/media?parent=5300"}],"curies":[{"name":"wp","href":"https:\/\/api.w.org\/{rel}","templated":true}]}}