{"id":5295,"date":"2025-03-03T13:35:36","date_gmt":"2025-03-03T13:35:36","guid":{"rendered":"https:\/\/lietaussistema.lt\/?page_id=5295"},"modified":"2025-04-08T18:35:48","modified_gmt":"2025-04-08T18:35:48","slug":"privatumo-politika","status":"publish","type":"page","link":"https:\/\/lietaussistema.lt\/en\/privatumo-politika\/","title":{"rendered":"Privatumo politika"},"content":{"rendered":"<div data-elementor-type=\"wp-page\" data-elementor-id=\"5295\" class=\"elementor elementor-5295\">\n\t\t\t\t<div class=\"elementor-element elementor-element-451d6a1 e-flex e-con-boxed wpr-particle-no wpr-jarallax-no wpr-parallax-no wpr-sticky-section-no wpr-equal-height-no e-con e-parent\" data-id=\"451d6a1\" data-element_type=\"container\" data-e-type=\"container\">\n\t\t\t\t\t<div class=\"e-con-inner\">\n\t\t\t\t<div class=\"elementor-element elementor-element-e6349c7 elementor-widget elementor-widget-text-editor\" data-id=\"e6349c7\" data-element_type=\"widget\" data-e-type=\"widget\" data-widget_type=\"text-editor.default\">\n\t\t\t\t<div class=\"elementor-widget-container\">\n\t\t\t\t\t\t\t\t\t<header class=\"page-header\" style=\"box-sizing: inherit; margin-bottom: 16px; color: #000000; font-family: Poppins, Arial, Helvetica, sans-serif; font-size: 13px;\"><h1 style=\"box-sizing: inherit; font-size: 18px; margin-bottom: 8px; font-family: inherit; font-weight: bold; line-height: 1.1;\">Privatumo politika<\/h1><\/header><section id=\"content\" class=\"page-content page-cms page-cms-3\" style=\"box-sizing: inherit; padding: 0px 0px 14px; text-align: justify; color: #000000; font-family: Poppins, Arial, Helvetica, sans-serif; font-size: 13px;\"><table style=\"box-sizing: inherit; border-collapse: collapse; background-color: transparent;\"><tbody style=\"box-sizing: inherit;\"><tr style=\"box-sizing: inherit;\"><td style=\"box-sizing: inherit;\"><strong>Elektronin\u0117je parduotuv\u0117je apmok\u0117jimai apdorojami naudojantis\u00a0<\/strong><a href=\"http:\/\/makecommerce.lt\/\" target=\"_blank\" rel=\"noopener noreferrer\" data-saferedirecturl=\"https:\/\/www.google.com\/url?q=http:\/\/makecommerce.lt\/&amp;source=gmail&amp;ust=1744125959370000&amp;usg=AOvVaw0dT0myfJXfrFGn8BIEkbIa\"><strong>makecommerce.lt<\/strong><\/a><strong>\u00a0<wbr \/>platforma, kurios valdytojas Maksekeskus AS (Liivalaia 45, Talinas 10145, Estija, reg. nr.:12268475), tod\u0117l J\u016bs\u0173 asmenin\u0117 informacija, reikalinga mok\u0117jimo \u012fvykdymui ir patvirtinimui, bus perduodama Maksekeskus AS.<\/strong><\/td><\/tr><tr style=\"box-sizing: inherit;\"><td style=\"box-sizing: inherit;\"><p style=\"box-sizing: inherit; margin-bottom: 8px; font-family: inherit; font-weight: bold; line-height: 1.1; font-size: 20px;\"><span style=\"box-sizing: inherit; font-weight: bolder;\">1. Bendrosios nuostatos<\/span><\/p><p style=\"box-sizing: inherit; margin-bottom: 10px;\">1.1 \u0160i privatumo politika reglamentuoja MB SkarduLyderis kliento (toliau \u2013 J\u016bs, J\u016bs\u0173) pagrindinius asmens duomen\u0173 rinkimo, tvarkymo ir saugojimo principus bei tvark\u0105.<br style=\"box-sizing: inherit;\" \/>1.2 J\u016bs\u0173 asmens duomen\u0173 rinkim\u0105, tvarkym\u0105 ir saugojim\u0105 nustato \u0161i privatumo politika, Bendrasis duomen\u0173 apsaugos reglamentas (BDAR) ir kiti teis\u0117s aktai.<br style=\"box-sizing: inherit;\" \/>1.3 Nurodydami savo asmens duomenis, sutinkate, kad MB SkarduLyderis\u00a0 \u00a0juos valdys ir tvarkys \u0161ioje privatumo politikoje bei teis\u0117s aktuose numatytais tikslais, priemon\u0117mis ir tvarka.\u00a0<br style=\"box-sizing: inherit;\" \/>1.4 Tvarkydami duomen\u0173 subjekt\u0173 asmens duomenis laikom\u0117s taikomo \u00a0Bendrojo duomen\u0173 apsaugos reglamento (BDAR) ir kit\u0173 tiesiogiai taikom\u0173 teis\u0117s akt\u0173, reglamentuojan\u010di\u0173 asmens duomen\u0173 apsaug\u0105, taip pat kompetenting\u0173 institucij\u0173 nurodym\u0173.<\/p><h2 style=\"box-sizing: inherit; margin-bottom: 8px; font-family: inherit; font-weight: bold; line-height: 1.1; font-size: 20px;\"><span style=\"box-sizing: inherit; font-weight: bolder;\">2. Asmens duomen\u0173 rinkimas, tvarkymas, saugojimas<\/span><\/h2><p style=\"box-sizing: inherit; margin-bottom: 10px;\">2.1 MB\u00a0SkarduLyderis vadovaujasi \u0161iais pagrindiniais asmens duomen\u0173 tvarkymo principais:<br style=\"box-sizing: inherit;\" \/>2.1.1 asmens duomenys renkami apibr\u0117\u017etais ir teis\u0117tais tikslais;<br style=\"box-sizing: inherit;\" \/>2.1.2 asmens duomenys tvarkomi tiksliai ir s\u0105\u017einingai;<br style=\"box-sizing: inherit;\" \/>2.1.3 asmens duomenys nuolat atnaujinami;<br style=\"box-sizing: inherit;\" \/>2.1.4 asmens duomenys saugojami ne ilgiau, nei to reikalauja nustatyti duomen\u0173 tvarkymo tikslai;<br style=\"box-sizing: inherit;\" \/>2.1.5 asmens duomenis tvarko tik tie darbuotojai, kuriems suteikta tokia teis\u0117;<br style=\"box-sizing: inherit;\" \/>2.1.6 visa informacija apie tvarkomus asmens duomenis yra konfidenciali;<br style=\"box-sizing: inherit;\" \/>2.1.7 duomenys yra saugomi nuo praradimo, neleistino naudojimo ir pakeitim\u0173. \u012edieg\u0117me fizines ir technines priemones, kad apsaugotume vis\u0105 informacij\u0105, kuri\u0105 renkame m\u016bs\u0173 paslaug\u0173 teikimo tikslais.<br style=\"box-sizing: inherit;\" \/>2.2\u00a0 MB\u00a0SkarduLyderis \u00a0 gerbia kiekvieno kliento teis\u0119 \u012f privatum\u0105. Asmens duomenys (vardas, pavard\u0117, telefono numeris, elektroninio pa\u0161to adresas ir kita sutartyse bei e-parduotuv\u0117s registracijos formoje nurodyta informacija) renkami ir tvarkomi \u0161iems tikslams:<br style=\"box-sizing: inherit;\" \/>2.2.1 apdoroti preki\u0173 u\u017esakymus;<br style=\"box-sizing: inherit;\" \/>2.2.2 i\u0161ra\u0161yti finansinius dokumentus (pvz., s\u0105skaitas fakt\u016bras);<br style=\"box-sizing: inherit;\" \/>2.2.3 spr\u0119sti problemas, susijusias su preki\u0173 pateikimu ar pristatymu;<br style=\"box-sizing: inherit;\" \/>2.2.4 vykdyti kitus sutartinius \u012fsipareigojimus;<br style=\"box-sizing: inherit;\" \/>2.2.5. rinkodaros tikslais J\u016bs\u0173 sutikimo pagrindu: si\u0173sti Jums pasi\u016blymus, el. lai\u0161kus su naujienomis, publikacijomis ir informacija apie renginius, pateikti pagal J\u016bs\u0173 poreikius pritaikyt\u0105 turin\u012f socialiniuose tinkluose, \u012fsiminti Jums aktuali\u0105 informacij\u0105;<br style=\"box-sizing: inherit;\" \/>2.2.6 siekiant pagerinti svetain\u0117s veikim\u0105, kad gal\u0117tum\u0117te lengvai rasti tai, ko ie\u0161kote;<br style=\"box-sizing: inherit;\" \/>2.2.7 darbo atrankos vykdymo tikslu J\u016bs\u0173 sutikimo pagrindu, kur\u012f i\u0161rei\u0161kiate mums ar \u012fdarbinimo paslaugas teikian\u010diai \u012fmonei atsi\u0173sdami savo gyvenimo apra\u0161ym\u0105;<br style=\"box-sizing: inherit;\" \/>2.2.8 tvarkydama ir saugodama J\u016bs\u0173 asmens duomenis\u00a0\u012fmon\u0117 \u012fgyvendina organizacines ir technines priemones, kurios u\u017etikrina asmens duomenims apsaug\u0105 nuo atsitiktinio ar neteis\u0117to sunaikinimo, pakeitimo, atskleidimo, taip pat nuo bet kokio kito neteis\u0117to tvarkymo.<\/p><h2 style=\"box-sizing: inherit; margin-bottom: 8px; font-family: inherit; font-weight: bold; line-height: 1.1; font-size: 20px;\"><span style=\"box-sizing: inherit; font-weight: bolder;\">3. Asmens duomen\u0173 perdavimas tre\u010diosioms \u0161alims<\/span><\/h2><p style=\"box-sizing: inherit; margin-bottom: 10px;\">3.1. Tretiesiems asmenims J\u016bs\u0173 asmens duomenys gali b\u016bti atskleisti tokiais atvejais:<br style=\"box-sizing: inherit;\" \/>3.1.1 perduodant informacij\u0105 apie Jus m\u016bs\u0173 bendradarbiavimo partneriams, kurie teikia mums skirtingas paslaugas, siekiant \u012fgyvendinti J\u016bs\u0173 reikalavimus, teikiant Jums pasirinkt\u0105 paslaug\u0105;<br style=\"box-sizing: inherit;\" \/>3.1.2 duomenys n\u0117ra perduodami tretiesiems asmenims, i\u0161skyrus atvejus, kai to reikia m\u016bs\u0173 teis\u0117tiems, sutartiniams ar komerciniams tikslams pasiekti, ir jei tai leid\u017eiama ar nustatyta Lietuvos Respublikoje galiojan\u010diais teis\u0117s aktais. Taip pat prireikus galime perduoti J\u016bs\u0173 asmens duomenis u\u017e Lietuvos Respublikos rib\u0173 kitoms m\u016bs\u0173 grup\u0117s \u012fmon\u0117ms ar kitoms \u012fmon\u0117ms, kurios yra m\u016bs\u0173 bendradarbiavimo partneriai;<br style=\"box-sizing: inherit;\" \/>3.1.3 Lietuvos Respublikoje galiojan\u010diuose teis\u0117s norminiuose aktuose numatytais atvejais mes galime atskleisti, pavyzd\u017eiui, informacij\u0105 apie J\u016bs\u0173 darytus pirkimus ir gautas paslaugas m\u016bs\u0173 parduotuv\u0117se, J\u016bs\u0173 apsilankymus m\u016bs\u0173 internetin\u0117je svetain\u0117je ir kit\u0105 informacij\u0105 apie Jus. Min\u0117toji informacija gali b\u016bti atskleista tokiais atvejais:<br style=\"box-sizing: inherit;\" \/>3.1.3.1 laikantis Lietuvos Respublikoje galiojan\u010di\u0173 teis\u0117s normini\u0173 akt\u0173 ir juose nustatytos procesin\u0117s tvarkos:<br style=\"box-sizing: inherit;\" \/>3.1.3.2 jei mes s\u0105\u017einingai manome, kad atskleisti informacij\u0105 b\u016btina, siekiant apginti m\u016bs\u0173 teises,<br style=\"box-sizing: inherit;\" \/>3.1.3.3 siekiant apsaugoti J\u016bs\u0173 ar kit\u0173 asmen\u0173 saugum\u0105,<br style=\"box-sizing: inherit;\" \/>3.1.3.4 siekiant i\u0161vengti nusikalstam\u0173 veik\u0173 ar atliekant j\u0173 tyrim\u0105,<br style=\"box-sizing: inherit;\" \/>3.1.3.5 atsakant \u012f valstybini\u0173 institucij\u0173 pra\u0161ymus,<br style=\"box-sizing: inherit;\" \/>3.1.3.5 taip pat tais atvejais, kai d\u0117l J\u016bs\u0173 \u012fsipareigojim\u0173 nevykdymo ar netinkamo j\u0173 vykdymo mes galime patirti nuostoli\u0173, mes turime teis\u0119 kreiptis \u012f teism\u0105, policij\u0105, draudikus, si\u0173sti duomenis apie J\u016bs\u0173 ne\u012fvykdytus \u012fsipareigojimus skol\u0173 i\u0161ie\u0161kojimo paslaug\u0173 teik\u0117jams.<\/p><h2 style=\"box-sizing: inherit; margin-bottom: 8px; font-family: inherit; font-weight: bold; line-height: 1.1; font-size: 20px;\"><span style=\"box-sizing: inherit; font-weight: bolder;\">4. Registracijos pateikimo taisykl\u0117s<\/span><\/h2><p style=\"box-sizing: inherit; margin-bottom: 10px;\">4.1 J\u016bs registracijos formoje turite pateikti piln\u0105, i\u0161sami\u0105 ir teising\u0105 informacij\u0105 apie save. Jeigu registracijos formoje J\u016bs pateikiate netikslius, melagingus ar klaidinan\u010dius duomenis, mes turime teis\u0119 anuliuoti J\u016bs\u0173 registracij\u0105 ir i\u0161trinti duomenis arba apriboti J\u016bs\u0173 galimybes naudotis e-parduotuve.<\/p><h2 style=\"box-sizing: inherit; margin-bottom: 8px; font-family: inherit; font-weight: bold; line-height: 1.1; font-size: 20px;\"><span style=\"box-sizing: inherit; font-weight: bolder;\">5. Asmens duomen\u0173 pakeitimas ar atnaujinimas<\/span><\/h2><p style=\"box-sizing: inherit; margin-bottom: 10px;\">5.1 J\u016bs turite teis\u0119 bet kada keisti ir\/ar atnaujinti registracijos formoje pateikt\u0105 informacij\u0105 prane\u0161damas apie tai adresu <a href=\"mailto:info@lietaussistema.lt\">info@lietaussistema.lt<\/a> ir\/arba tel. nr +370 60528287<\/p><h2 style=\"box-sizing: inherit; margin-bottom: 8px; font-family: inherit; font-weight: bold; line-height: 1.1; font-size: 20px;\"><span style=\"box-sizing: inherit; font-weight: bolder;\">6. Slapukai (angl. cookies)<\/span><\/h2><p style=\"box-sizing: inherit; margin-bottom: 10px;\">6.1 Informuojame, jog tam, kad gal\u0117tume pasi\u016blyti Jums visavertes paslaugas m\u016bs\u0173 svetain\u0117je, J\u016bs\u0173 kompiuteryje (\u012frenginyje) \u012fra\u0161ome informacij\u0105 (slapukus, angl. \u201ecookies\u201c). \u012era\u0161yt\u0105 informacij\u0105 naudosime atpa\u017eindami Jus, kaip ankstesn\u012f svetain\u0117s naudotoj\u0105, rinkdami svetain\u0117s lankomumo statistik\u0105. J\u016bs bet kada galite per\u017ei\u016br\u0117ti, koki\u0105 informacij\u0105 (slapukus) \u012fra\u0161ome, ir galite i\u0161trinti dal\u012f ar visus \u012fra\u0161ytus slapukus. Taip pat turite teis\u0119 nesutikti, kad b\u016bt\u0173 \u012fra\u0161oma ir naudojama informacija (slapukai) J\u016bs\u0173 kompiuteryje (\u012frenginyje), ta\u010diau tokiu atveju kai kurios svetain\u0117s funkcijos Jums gali b\u016bti neprieinamos. Preziumuojame, jog naudodamiesi internetiniu puslapiu ir e-parduotuve sutinkame su tuo, kad J\u016bs\u0173 kompiuteryje (\u012frenginyje) b\u016bt\u0173 \u012fra\u0161oma informacija. Savo duot\u0105 sutikim\u0105 bet kada gal\u0117site at\u0161aukti, pakeisdami savo interneto nar\u0161ykl\u0117s nustatymus, ar kreipdamiesi \u012f mus bet kuriais svetain\u0117je skelbiamais kontaktais.<\/p><h2 style=\"box-sizing: inherit; margin-bottom: 8px; font-family: inherit; font-weight: bold; line-height: 1.1; font-size: 20px;\"><span style=\"box-sizing: inherit; font-weight: bolder;\">7. Socialiniai tinklai<\/span><\/h2><p style=\"box-sizing: inherit; margin-bottom: 10px;\">7.1 Vis\u0105 informacij\u0105, kuri\u0105 mums pateikiate socialin\u0117s \u017einiasklaidos priemon\u0117mis (\u012fskaitant prane\u0161imus, laukeli\u0173 \u201eLike\u201c ir \u201eFollow\u201c naudojim\u0105, bei kit\u0105 komunikacij\u0105), kontroliuoja socialinio tinklo valdytojas.<br style=\"box-sizing: inherit;\" \/>7.2 Interneto svetain\u0117je pateikiamos nuorodos \u012f m\u016bs\u0173 paskyras socialiniuose tinkluose. \u0160iuo metu turime \u0161ias paskyras:<br style=\"box-sizing: inherit;\" \/>7.2.1 tinkle \u201eFacebook\u201c, kurio privatumo prane\u0161imas yra pateikiamas adresu\u00a0<a style=\"box-sizing: inherit; touch-action: manipulation; color: #000000; text-decoration-line: underline;\" href=\"https:\/\/www.facebook.com\/privacy\/explanation;\" target=\"_blank\" rel=\"noopener\">https:\/\/www.facebook.com\/privacy\/explanation;<\/a><br style=\"box-sizing: inherit;\" \/>7.2.2 tinkle \u201eLinkedIn\u201c, kurio privatumo prane\u0161imas yra pateikiamas adresu\u00a0<a style=\"box-sizing: inherit; touch-action: manipulation; color: #000000; text-decoration-line: underline;\" href=\"https:\/\/www.linkedin.com\/legal\/privacy-policy\" target=\"_blank\" rel=\"noopener\">https:\/\/www.linkedin.com\/legal\/privacy-policy<\/a>.<br style=\"box-sizing: inherit;\" \/>7.3 Rekomenduojame perskaityti tre\u010di\u0173j\u0173 \u0161ali\u0173 privatumo prane\u0161imus ir tiesiogiai susisiekti su paslaug\u0173 teik\u0117jais, jei Jums kyla bet koki\u0173 klausim\u0173 d\u0117l to, kaip jie naudoja J\u016bs\u0173 asmens duomenis.<\/p><h2 style=\"box-sizing: inherit; margin-bottom: 8px; font-family: inherit; font-weight: bold; line-height: 1.1; font-size: 20px;\"><span style=\"box-sizing: inherit; font-weight: bolder;\">8. Taisykli\u0173 keitimas ir baigiamosios nuostatos<\/span><\/h2><p style=\"box-sizing: inherit; margin-bottom: 10px;\">8.1 MB SkarduLyderis \u00a0turi teis\u0119 i\u0161 dalies ar visi\u0161kai pakeisti Privatumo s\u0105lygas apie tai prane\u0161dami internetin\u0117je svetain\u0117je <a style=\"box-sizing: inherit; touch-action: manipulation; color: #000000; text-decoration-line: underline;\" href=\"http:\/\/www.skardulyderis.lt\" target=\"_blank\" rel=\"noopener\">www.skardulyderis.lt<\/a>. Tolimesnis naudojimasis m\u016bs\u0173 tinklapio paslaugomis rei\u0161kia \u0161i\u0173 taisykli\u0173 laikym\u0105si. Visi i\u0161kil\u0119 nesutarimai ir gin\u010dai sprend\u017eiami deryb\u0173 b\u016bdu. Nepavykus susitarti, gin\u010dai sprend\u017eiami pagal LR \u012fstatymus.<\/p><p style=\"box-sizing: inherit; margin-bottom: 10px;\">\u00a0Jeigu turite klausim\u0173 ar pasi\u016blym\u0173, ra\u0161ykite mums \u00a0<a href=\"http:\/\/mail.to:mbskardulyderis@gmail.com\" target=\"_blank\" rel=\"noopener\">info@lietaussistema.lt<\/a><\/p><\/td><\/tr><\/tbody><\/table><\/section>\t\t\t\t\t\t\t\t<\/div>\n\t\t\t\t<\/div>\n\t\t\t\t\t<\/div>\n\t\t\t\t<\/div>\n\t\t\t\t<\/div>","protected":false},"excerpt":{"rendered":"<p>Privatumo politika Elektronin\u0117je parduotuv\u0117je apmok\u0117jimai apdorojami naudojantis\u00a0makecommerce.lt\u00a0platforma, kurios valdytojas Maksekeskus AS (Liivalaia 45, Talinas 10145, Estija, reg. nr.:12268475), tod\u0117l J\u016bs\u0173 asmenin\u0117 informacija, reikalinga mok\u0117jimo \u012fvykdymui ir patvirtinimui, bus perduodama Maksekeskus AS. 1. Bendrosios nuostatos 1.1 \u0160i privatumo politika reglamentuoja MB SkarduLyderis kliento (toliau \u2013 J\u016bs, J\u016bs\u0173) pagrindinius asmens duomen\u0173 rinkimo, tvarkymo ir saugojimo principus bei tvark\u0105.1.2 J\u016bs\u0173 asmens duomen\u0173 rinkim\u0105, tvarkym\u0105 ir saugojim\u0105 nustato \u0161i privatumo politika, Bendrasis duomen\u0173 apsaugos reglamentas (BDAR) ir kiti teis\u0117s aktai.1.3 Nurodydami savo asmens duomenis, sutinkate, kad MB SkarduLyderis\u00a0 \u00a0juos valdys ir tvarkys \u0161ioje privatumo politikoje bei teis\u0117s aktuose numatytais tikslais, priemon\u0117mis ir tvarka.\u00a01.4 Tvarkydami duomen\u0173 subjekt\u0173 asmens duomenis laikom\u0117s taikomo \u00a0Bendrojo duomen\u0173 apsaugos reglamento (BDAR) ir kit\u0173 tiesiogiai taikom\u0173 teis\u0117s akt\u0173, reglamentuojan\u010di\u0173 asmens duomen\u0173 apsaug\u0105, taip pat kompetenting\u0173 institucij\u0173 nurodym\u0173. 2. Asmens duomen\u0173 rinkimas, tvarkymas, saugojimas 2.1 MB\u00a0SkarduLyderis vadovaujasi \u0161iais pagrindiniais asmens duomen\u0173 tvarkymo principais:2.1.1 asmens duomenys renkami apibr\u0117\u017etais ir teis\u0117tais tikslais;2.1.2 asmens duomenys tvarkomi tiksliai ir s\u0105\u017einingai;2.1.3 asmens duomenys nuolat atnaujinami;2.1.4 asmens duomenys saugojami ne ilgiau, nei to reikalauja nustatyti duomen\u0173 tvarkymo tikslai;2.1.5 asmens duomenis tvarko tik tie darbuotojai, kuriems suteikta tokia teis\u0117;2.1.6 visa informacija apie tvarkomus asmens duomenis yra konfidenciali;2.1.7 duomenys yra saugomi nuo praradimo, neleistino naudojimo ir pakeitim\u0173. \u012edieg\u0117me fizines ir technines priemones, kad apsaugotume vis\u0105 informacij\u0105, kuri\u0105 renkame m\u016bs\u0173 paslaug\u0173 teikimo tikslais.2.2\u00a0 MB\u00a0SkarduLyderis \u00a0 gerbia kiekvieno kliento teis\u0119 \u012f privatum\u0105. Asmens duomenys (vardas, pavard\u0117, telefono numeris, elektroninio pa\u0161to adresas ir kita sutartyse bei e-parduotuv\u0117s registracijos formoje nurodyta informacija) renkami ir tvarkomi \u0161iems tikslams:2.2.1 apdoroti preki\u0173 u\u017esakymus;2.2.2 i\u0161ra\u0161yti finansinius dokumentus (pvz., s\u0105skaitas fakt\u016bras);2.2.3 spr\u0119sti problemas, susijusias su preki\u0173 pateikimu ar pristatymu;2.2.4 vykdyti kitus sutartinius \u012fsipareigojimus;2.2.5. rinkodaros tikslais J\u016bs\u0173 sutikimo pagrindu: si\u0173sti Jums pasi\u016blymus, el. lai\u0161kus su naujienomis, publikacijomis ir informacija apie renginius, pateikti pagal J\u016bs\u0173 poreikius pritaikyt\u0105 turin\u012f socialiniuose tinkluose, \u012fsiminti Jums aktuali\u0105 informacij\u0105;2.2.6 siekiant pagerinti svetain\u0117s veikim\u0105, kad gal\u0117tum\u0117te lengvai rasti tai, ko ie\u0161kote;2.2.7 darbo atrankos vykdymo tikslu J\u016bs\u0173 sutikimo pagrindu, kur\u012f i\u0161rei\u0161kiate mums ar \u012fdarbinimo paslaugas teikian\u010diai \u012fmonei atsi\u0173sdami savo gyvenimo apra\u0161ym\u0105;2.2.8 tvarkydama ir saugodama J\u016bs\u0173 asmens duomenis\u00a0\u012fmon\u0117 \u012fgyvendina organizacines ir technines priemones, kurios u\u017etikrina asmens duomenims apsaug\u0105 nuo atsitiktinio ar neteis\u0117to sunaikinimo, pakeitimo, atskleidimo, taip pat nuo bet kokio kito neteis\u0117to tvarkymo. 3. Asmens duomen\u0173 perdavimas tre\u010diosioms \u0161alims 3.1. Tretiesiems asmenims J\u016bs\u0173 asmens duomenys gali b\u016bti atskleisti tokiais atvejais:3.1.1 perduodant informacij\u0105 apie Jus m\u016bs\u0173 bendradarbiavimo partneriams, kurie teikia mums skirtingas paslaugas, siekiant \u012fgyvendinti J\u016bs\u0173 reikalavimus, teikiant Jums pasirinkt\u0105 paslaug\u0105;3.1.2 duomenys n\u0117ra perduodami tretiesiems asmenims, i\u0161skyrus atvejus, kai to reikia m\u016bs\u0173 teis\u0117tiems, sutartiniams ar komerciniams tikslams pasiekti, ir jei tai leid\u017eiama ar nustatyta Lietuvos Respublikoje galiojan\u010diais teis\u0117s aktais. Taip pat prireikus galime perduoti J\u016bs\u0173 asmens duomenis u\u017e Lietuvos Respublikos rib\u0173 kitoms m\u016bs\u0173 grup\u0117s \u012fmon\u0117ms ar kitoms \u012fmon\u0117ms, kurios yra m\u016bs\u0173 bendradarbiavimo partneriai;3.1.3 Lietuvos Respublikoje galiojan\u010diuose teis\u0117s norminiuose aktuose numatytais atvejais mes galime atskleisti, pavyzd\u017eiui, informacij\u0105 apie J\u016bs\u0173 darytus pirkimus ir gautas paslaugas m\u016bs\u0173 parduotuv\u0117se, J\u016bs\u0173 apsilankymus m\u016bs\u0173 internetin\u0117je svetain\u0117je ir kit\u0105 informacij\u0105 apie Jus. Min\u0117toji informacija gali b\u016bti atskleista tokiais atvejais:3.1.3.1 laikantis Lietuvos Respublikoje galiojan\u010di\u0173 teis\u0117s normini\u0173 akt\u0173 ir juose nustatytos procesin\u0117s tvarkos:3.1.3.2 jei mes s\u0105\u017einingai manome, kad atskleisti informacij\u0105 b\u016btina, siekiant apginti m\u016bs\u0173 teises,3.1.3.3 siekiant apsaugoti J\u016bs\u0173 ar kit\u0173 asmen\u0173 saugum\u0105,3.1.3.4 siekiant i\u0161vengti nusikalstam\u0173 veik\u0173 ar atliekant j\u0173 tyrim\u0105,3.1.3.5 atsakant \u012f valstybini\u0173 institucij\u0173 pra\u0161ymus,3.1.3.5 taip pat tais atvejais, kai d\u0117l J\u016bs\u0173 \u012fsipareigojim\u0173 nevykdymo ar netinkamo j\u0173 vykdymo mes galime patirti nuostoli\u0173, mes turime teis\u0119 kreiptis \u012f teism\u0105, policij\u0105, draudikus, si\u0173sti duomenis apie J\u016bs\u0173 ne\u012fvykdytus \u012fsipareigojimus skol\u0173 i\u0161ie\u0161kojimo paslaug\u0173 teik\u0117jams. 4. Registracijos pateikimo taisykl\u0117s 4.1 J\u016bs registracijos formoje turite pateikti piln\u0105, i\u0161sami\u0105 ir teising\u0105 informacij\u0105 apie save. Jeigu registracijos formoje J\u016bs pateikiate netikslius, melagingus ar klaidinan\u010dius duomenis, mes turime teis\u0119 anuliuoti J\u016bs\u0173 registracij\u0105 ir i\u0161trinti duomenis arba apriboti J\u016bs\u0173 galimybes naudotis e-parduotuve. 5. Asmens duomen\u0173 pakeitimas ar atnaujinimas 5.1 J\u016bs turite teis\u0119 bet kada keisti ir\/ar atnaujinti registracijos formoje pateikt\u0105 informacij\u0105 prane\u0161damas apie tai adresu info@lietaussistema.lt ir\/arba tel. nr +370 60528287 6. Slapukai (angl. cookies) 6.1 Informuojame, jog tam, kad gal\u0117tume pasi\u016blyti Jums visavertes paslaugas m\u016bs\u0173 svetain\u0117je, J\u016bs\u0173 kompiuteryje (\u012frenginyje) \u012fra\u0161ome informacij\u0105 (slapukus, angl. \u201ecookies\u201c). \u012era\u0161yt\u0105 informacij\u0105 naudosime atpa\u017eindami Jus, kaip ankstesn\u012f svetain\u0117s naudotoj\u0105, rinkdami svetain\u0117s lankomumo statistik\u0105. J\u016bs bet kada galite per\u017ei\u016br\u0117ti, koki\u0105 informacij\u0105 (slapukus) \u012fra\u0161ome, ir galite i\u0161trinti dal\u012f ar visus \u012fra\u0161ytus slapukus. Taip pat turite teis\u0119 nesutikti, kad b\u016bt\u0173 \u012fra\u0161oma ir naudojama informacija (slapukai) J\u016bs\u0173 kompiuteryje (\u012frenginyje), ta\u010diau tokiu atveju kai kurios svetain\u0117s funkcijos Jums gali b\u016bti neprieinamos. Preziumuojame, jog naudodamiesi internetiniu puslapiu ir e-parduotuve sutinkame su tuo, kad J\u016bs\u0173 kompiuteryje (\u012frenginyje) b\u016bt\u0173 \u012fra\u0161oma informacija. Savo duot\u0105 sutikim\u0105 bet kada gal\u0117site at\u0161aukti, pakeisdami savo interneto nar\u0161ykl\u0117s nustatymus, ar kreipdamiesi \u012f mus bet kuriais svetain\u0117je skelbiamais kontaktais. 7. Socialiniai tinklai 7.1 Vis\u0105 informacij\u0105, kuri\u0105 mums pateikiate socialin\u0117s \u017einiasklaidos priemon\u0117mis (\u012fskaitant prane\u0161imus, laukeli\u0173 \u201eLike\u201c ir \u201eFollow\u201c naudojim\u0105, bei kit\u0105 komunikacij\u0105), kontroliuoja socialinio tinklo valdytojas.7.2 Interneto svetain\u0117je pateikiamos nuorodos \u012f m\u016bs\u0173 paskyras socialiniuose tinkluose. \u0160iuo metu turime \u0161ias paskyras:7.2.1 tinkle \u201eFacebook\u201c, kurio privatumo prane\u0161imas yra pateikiamas adresu\u00a0https:\/\/www.facebook.com\/privacy\/explanation;7.2.2 tinkle \u201eLinkedIn\u201c, kurio privatumo prane\u0161imas yra pateikiamas adresu\u00a0https:\/\/www.linkedin.com\/legal\/privacy-policy.7.3 Rekomenduojame perskaityti tre\u010di\u0173j\u0173 \u0161ali\u0173 privatumo prane\u0161imus ir tiesiogiai susisiekti su paslaug\u0173 teik\u0117jais, jei Jums kyla bet koki\u0173 klausim\u0173 d\u0117l to, kaip jie naudoja J\u016bs\u0173 asmens duomenis. 8. Taisykli\u0173 keitimas ir baigiamosios nuostatos 8.1 MB SkarduLyderis \u00a0turi teis\u0119 i\u0161 dalies ar visi\u0161kai pakeisti Privatumo s\u0105lygas apie tai prane\u0161dami internetin\u0117je svetain\u0117je www.skardulyderis.lt. Tolimesnis naudojimasis m\u016bs\u0173 tinklapio paslaugomis rei\u0161kia \u0161i\u0173 taisykli\u0173 laikym\u0105si. Visi i\u0161kil\u0119 nesutarimai ir gin\u010dai sprend\u017eiami deryb\u0173 b\u016bdu. Nepavykus susitarti, gin\u010dai sprend\u017eiami pagal LR \u012fstatymus. \u00a0Jeigu turite klausim\u0173 ar pasi\u016blym\u0173, ra\u0161ykite mums \u00a0info@lietaussistema.lt<\/p>","protected":false},"author":1,"featured_media":0,"parent":0,"menu_order":0,"comment_status":"closed","ping_status":"closed","template":"elementor_header_footer","meta":{"_monsterinsights_skip_tracking":false,"_monsterinsights_sitenote_active":false,"_monsterinsights_sitenote_note":"","_monsterinsights_sitenote_category":0,"footnotes":""},"class_list":["post-5295","page","type-page","status-publish","hentry"],"_links":{"self":[{"href":"https:\/\/lietaussistema.lt\/en\/wp-json\/wp\/v2\/pages\/5295","targetHints":{"allow":["GET"]}}],"collection":[{"href":"https:\/\/lietaussistema.lt\/en\/wp-json\/wp\/v2\/pages"}],"about":[{"href":"https:\/\/lietaussistema.lt\/en\/wp-json\/wp\/v2\/types\/page"}],"author":[{"embeddable":true,"href":"https:\/\/lietaussistema.lt\/en\/wp-json\/wp\/v2\/users\/1"}],"replies":[{"embeddable":true,"href":"https:\/\/lietaussistema.lt\/en\/wp-json\/wp\/v2\/comments?post=5295"}],"version-history":[{"count":13,"href":"https:\/\/lietaussistema.lt\/en\/wp-json\/wp\/v2\/pages\/5295\/revisions"}],"predecessor-version":[{"id":6198,"href":"https:\/\/lietaussistema.lt\/en\/wp-json\/wp\/v2\/pages\/5295\/revisions\/6198"}],"wp:attachment":[{"href":"https:\/\/lietaussistema.lt\/en\/wp-json\/wp\/v2\/media?parent=5295"}],"curies":[{"name":"wp","href":"https:\/\/api.w.org\/{rel}","templated":true}]}}